{"id":99,"date":"2024-11-15T10:55:49","date_gmt":"2024-11-15T10:55:49","guid":{"rendered":"https:\/\/fisioyelamos.com\/?page_id=99"},"modified":"2024-11-19T13:26:08","modified_gmt":"2024-11-19T13:26:08","slug":"servicios","status":"publish","type":"page","link":"https:\/\/fisioyelamos.com\/index.php\/servicios\/","title":{"rendered":"Servicios"},"content":{"rendered":"<p>[et_pb_section fb_built=\u00bb1&#8243; custom_padding_last_edited=\u00bbon|phone\u00bb admin_label=\u00bbSection\u00bb _builder_version=\u00bb4.27.0&#8243; _module_preset=\u00bbdefault\u00bb background_enable_color=\u00bboff\u00bb background_image=\u00bbhttps:\/\/fisioyelamos.com\/wp-content\/uploads\/2024\/11\/yelamos-im-7.jpg\u00bb background_position=\u00bbbottom_center\u00bb background_blend=\u00bbluminosity\u00bb custom_padding=\u00bb198px||192px|||\u00bb custom_padding_tablet=\u00bb198px||192px|||\u00bb custom_padding_phone=\u00bb10px||90px||false|false\u00bb background_color_phone=\u00bb#FFFFFF\u00bb background_last_edited=\u00bbon|phone\u00bb background_enable_color_phone=\u00bbon\u00bb background_enable_image_phone=\u00bboff\u00bb collapsed=\u00bbon\u00bb global_colors_info=\u00bb{}\u00bb][et_pb_row _builder_version=\u00bb4.27.0&#8243; _module_preset=\u00bbdefault\u00bb global_colors_info=\u00bb{}\u00bb][et_pb_column type=\u00bb4_4&#8243; _builder_version=\u00bb4.17.4&#8243; _module_preset=\u00bbdefault\u00bb custom_padding=\u00bb5%||||false|false\u00bb custom_padding_tablet=\u00bb0%||||false|false\u00bb custom_padding_phone=\u00bb0%||||false|false\u00bb custom_padding_last_edited=\u00bbon|tablet\u00bb global_colors_info=\u00bb{}\u00bb][et_pb_text _builder_version=\u00bb4.27.0&#8243; _module_preset=\u00bbb327cbe4-b1d5-4b66-ad37-40c8f2f061ba\u00bb header_2_font=\u00bbBebas Neue||||||||\u00bb header_2_text_align=\u00bbcenter\u00bb header_2_text_color=\u00bb#FFFFFF\u00bb header_2_font_size=\u00bb61px\u00bb header_2_letter_spacing=\u00bb4px\u00bb header_2_line_height=\u00bb1.2em\u00bb custom_margin=\u00bb22px||11px||false|false\u00bb custom_padding=\u00bb||0px|||\u00bb header_2_font_size_tablet=\u00bb32px\u00bb header_2_font_size_phone=\u00bb25px\u00bb header_2_font_size_last_edited=\u00bbon|desktop\u00bb global_colors_info=\u00bb{}\u00bb]<\/p>\n<h2>SERVICIOS<\/h2>\n<p>[\/et_pb_text][\/et_pb_column][\/et_pb_row][\/et_pb_section][et_pb_section fb_built=\u00bb1&#8243; _builder_version=\u00bb4.27.0&#8243; _module_preset=\u00bbdefault\u00bb background_color=\u00bb#634E26&#8243; custom_padding=\u00bb0px||0px|||\u00bb global_colors_info=\u00bb{}\u00bb][et_pb_row _builder_version=\u00bb4.27.0&#8243; _module_preset=\u00bbdefault\u00bb width=\u00bb90%\u00bb max_width=\u00bb2560px\u00bb custom_padding=\u00bb||20px|||\u00bb global_colors_info=\u00bb{}\u00bb][et_pb_column type=\u00bb4_4&#8243; _builder_version=\u00bb4.27.0&#8243; _module_preset=\u00bbdefault\u00bb global_colors_info=\u00bb{}\u00bb][et_pb_text _builder_version=\u00bb4.27.0&#8243; _module_preset=\u00bbb327cbe4-b1d5-4b66-ad37-40c8f2f061ba\u00bb header_2_font=\u00bbBebas Neue||||||||\u00bb header_2_text_align=\u00bbcenter\u00bb header_2_text_color=\u00bb#FFFFFF\u00bb header_2_font_size=\u00bb28px\u00bb header_2_letter_spacing=\u00bb14px\u00bb header_2_line_height=\u00bb1.2em\u00bb header_2_font_size_tablet=\u00bb32px\u00bb header_2_font_size_phone=\u00bb20px\u00bb header_2_font_size_last_edited=\u00bbon|desktop\u00bb global_colors_info=\u00bb{}\u00bb]<\/p>\n<h2>COMPROMETIDOS CON TU BIENESTAR<\/h2>\n<p>[\/et_pb_text][\/et_pb_column][\/et_pb_row][\/et_pb_section][et_pb_section fb_built=\u00bb1&#8243; _builder_version=\u00bb4.27.0&#8243; _module_preset=\u00bbdefault\u00bb global_colors_info=\u00bb{}\u00bb][et_pb_row column_structure=\u00bb1_2,1_2&#8243; _builder_version=\u00bb4.27.0&#8243; _module_preset=\u00bbdefault\u00bb global_colors_info=\u00bb{}\u00bb][et_pb_column type=\u00bb1_2&#8243; _builder_version=\u00bb4.27.0&#8243; _module_preset=\u00bbdefault\u00bb global_colors_info=\u00bb{}\u00bb][et_pb_text _builder_version=\u00bb4.27.0&#8243; _module_preset=\u00bbb327cbe4-b1d5-4b66-ad37-40c8f2f061ba\u00bb header_text_align=\u00bbcenter\u00bb header_2_font=\u00bbBebas Neue||||||||\u00bb header_2_text_align=\u00bbleft\u00bb header_2_text_color=\u00bb#AA9C2E\u00bb header_2_font_size=\u00bb61px\u00bb header_2_letter_spacing=\u00bb4px\u00bb header_2_line_height=\u00bb1.2em\u00bb custom_margin=\u00bb20px||11px|||\u00bb custom_padding=\u00bb||0px|||\u00bb header_2_font_size_tablet=\u00bb32px\u00bb header_2_font_size_phone=\u00bb25px\u00bb header_2_font_size_last_edited=\u00bbon|desktop\u00bb global_colors_info=\u00bb{}\u00bb]<\/p>\n<h2>fisioterapia<\/h2>\n<p>[\/et_pb_text][et_pb_text _builder_version=\u00bb4.27.0&#8243; _module_preset=\u00bbdefault\u00bb hover_enabled=\u00bb0&#8243; global_colors_info=\u00bb{}\u00bb sticky_enabled=\u00bb0&#8243;]<\/p>\n<ul>\n<li><strong>Fisioterapia musculoesquel\u00e9tica:<\/strong> tratamiento de lesiones o patolog\u00edas relacionadas con los m\u00fasculos, huesos y tendones, como hernias, lumbalgias, cervicalgias, artrosis, tendinopat\u00edas&#8230;<\/li>\n<li><strong>Fisioterapia deportiva:<\/strong> tratamiento centrado en la prevenci\u00f3n y tratamiento de lesiones deportivas.<\/li>\n<\/ul>\n<p>[\/et_pb_text][\/et_pb_column][et_pb_column type=\u00bb1_2&#8243; _builder_version=\u00bb4.27.0&#8243; _module_preset=\u00bbdefault\u00bb global_colors_info=\u00bb{}\u00bb][et_pb_text _builder_version=\u00bb4.27.0&#8243; _module_preset=\u00bbb327cbe4-b1d5-4b66-ad37-40c8f2f061ba\u00bb header_text_align=\u00bbcenter\u00bb header_2_font=\u00bbBebas Neue||||||||\u00bb header_2_text_align=\u00bbleft\u00bb header_2_text_color=\u00bb#AA9C2E\u00bb header_2_font_size=\u00bb61px\u00bb header_2_letter_spacing=\u00bb4px\u00bb header_2_line_height=\u00bb1.2em\u00bb custom_margin=\u00bb20px||11px|||\u00bb custom_padding=\u00bb||0px|||\u00bb header_2_font_size_tablet=\u00bb32px\u00bb header_2_font_size_phone=\u00bb25px\u00bb header_2_font_size_last_edited=\u00bbon|desktop\u00bb global_colors_info=\u00bb{}\u00bb]<\/p>\n<h2>rehabilitaci\u00f3n<\/h2>\n<p>[\/et_pb_text][et_pb_text _builder_version=\u00bb4.27.0&#8243; _module_preset=\u00bbdefault\u00bb global_colors_info=\u00bb{}\u00bb]<\/p>\n<p>Os ayudaremos durante el proceso de <strong>recuperaci\u00f3n de la funci\u00f3n f\u00edsica y movilidad despu\u00e9s de haber sufrido una lesi\u00f3n, cirug\u00eda o enfermedad.<\/strong> Nuestro objetivo es que mejores tu capacidad funcional, aliviar el dolor y mejorar tu calidad de vida.<\/p>\n<p>[\/et_pb_text][\/et_pb_column][\/et_pb_row][\/et_pb_section][et_pb_section fb_built=\u00bb1&#8243; _builder_version=\u00bb4.27.0&#8243; _module_preset=\u00bbdefault\u00bb background_color=\u00bb#AA9C2E\u00bb global_colors_info=\u00bb{}\u00bb][et_pb_row column_structure=\u00bb1_2,1_2&#8243; _builder_version=\u00bb4.27.0&#8243; _module_preset=\u00bbdefault\u00bb global_colors_info=\u00bb{}\u00bb][et_pb_column type=\u00bb1_2&#8243; _builder_version=\u00bb4.27.0&#8243; _module_preset=\u00bbdefault\u00bb global_colors_info=\u00bb{}\u00bb][et_pb_text _builder_version=\u00bb4.27.0&#8243; _module_preset=\u00bbb327cbe4-b1d5-4b66-ad37-40c8f2f061ba\u00bb header_text_align=\u00bbcenter\u00bb header_2_font=\u00bbBebas Neue||||||||\u00bb header_2_text_align=\u00bbleft\u00bb header_2_text_color=\u00bb#634E26&#8243; header_2_font_size=\u00bb61px\u00bb header_2_letter_spacing=\u00bb4px\u00bb header_2_line_height=\u00bb1.2em\u00bb custom_margin=\u00bb20px||11px|||\u00bb custom_padding=\u00bb||0px|||\u00bb header_2_font_size_tablet=\u00bb32px\u00bb header_2_font_size_phone=\u00bb25px\u00bb header_2_font_size_last_edited=\u00bbon|desktop\u00bb global_colors_info=\u00bb{}\u00bb]<\/p>\n<h2>readaptaci\u00f3n<\/h2>\n<p>[\/et_pb_text][et_pb_text _builder_version=\u00bb4.27.0&#8243; _module_preset=\u00bbdefault\u00bb text_text_color=\u00bb#FFFFFF\u00bb hover_enabled=\u00bb0&#8243; global_colors_info=\u00bb{}\u00bb sticky_enabled=\u00bb0&#8243;]<\/p>\n<p><strong>Return to work \u00b7 Return to sport.<\/strong><\/p>\n<p>Os ayudaremos a<strong> reintegraros a vuestra actividad f\u00edsica, laboral o cotidiana<\/strong> adem\u00e1s de prevenir futuras lesiones con un enfoque personalizado mediante ejercicio terape\u00fatico y t\u00e9cnicas manuales.<\/p>\n<p>[\/et_pb_text][\/et_pb_column][et_pb_column type=\u00bb1_2&#8243; _builder_version=\u00bb4.27.0&#8243; _module_preset=\u00bbdefault\u00bb global_colors_info=\u00bb{}\u00bb][et_pb_text _builder_version=\u00bb4.27.0&#8243; _module_preset=\u00bbb327cbe4-b1d5-4b66-ad37-40c8f2f061ba\u00bb header_text_align=\u00bbcenter\u00bb header_2_font=\u00bbBebas Neue||||||||\u00bb header_2_text_align=\u00bbleft\u00bb header_2_text_color=\u00bb#634E26&#8243; header_2_font_size=\u00bb61px\u00bb header_2_letter_spacing=\u00bb4px\u00bb header_2_line_height=\u00bb1.2em\u00bb custom_margin=\u00bb20px||11px|||\u00bb custom_padding=\u00bb||0px|||\u00bb header_2_font_size_tablet=\u00bb32px\u00bb header_2_font_size_phone=\u00bb25px\u00bb header_2_font_size_last_edited=\u00bbon|desktop\u00bb global_colors_info=\u00bb{}\u00bb]<\/p>\n<h2>pilates<\/h2>\n<p>[\/et_pb_text][et_pb_text _builder_version=\u00bb4.27.0&#8243; _module_preset=\u00bbdefault\u00bb text_text_color=\u00bb#FFFFFF\u00bb global_colors_info=\u00bb{}\u00bb]<\/p>\n<p>Enfoque terape\u00fatico basado en la escuela de espalda que utilizamos para fortalecer la musculatura del tronco, mejorar la postura y aliviar el dolor. <strong>Nuestro m\u00e9todo promueve la flexibilidad, el fortalecimiento muscular, mejora de la postura, prevenci\u00f3n de lesiones y bienestar general.<\/strong><\/p>\n<p>[\/et_pb_text][\/et_pb_column][\/et_pb_row][\/et_pb_section][et_pb_section fb_built=\u00bb1&#8243; _builder_version=\u00bb4.27.0&#8243; _module_preset=\u00bbdefault\u00bb custom_padding=\u00bb0px||0px|||\u00bb global_colors_info=\u00bb{}\u00bb][et_pb_row column_structure=\u00bb1_3,1_3,1_3&#8243; use_custom_gutter=\u00bbon\u00bb gutter_width=\u00bb1&#8243; _builder_version=\u00bb4.27.0&#8243; _module_preset=\u00bbdefault\u00bb width=\u00bb100%\u00bb max_width=\u00bb2560px\u00bb custom_padding=\u00bb0px||0px|||\u00bb global_colors_info=\u00bb{}\u00bb][et_pb_column type=\u00bb1_3&#8243; _builder_version=\u00bb4.27.0&#8243; _module_preset=\u00bbdefault\u00bb global_colors_info=\u00bb{}\u00bb][et_pb_image src=\u00bbhttps:\/\/fisioyelamos.com\/wp-content\/uploads\/2024\/11\/yelamos-im-3.jpg\u00bb title_text=\u00bbyelamos-im-3&#8243; _builder_version=\u00bb4.27.0&#8243; _module_preset=\u00bbdefault\u00bb global_colors_info=\u00bb{}\u00bb][\/et_pb_image][\/et_pb_column][et_pb_column type=\u00bb1_3&#8243; _builder_version=\u00bb4.27.0&#8243; _module_preset=\u00bbdefault\u00bb global_colors_info=\u00bb{}\u00bb][et_pb_image src=\u00bbhttps:\/\/fisioyelamos.com\/wp-content\/uploads\/2024\/11\/yelamos-im-5.jpg\u00bb title_text=\u00bbyelamos-im-5&#8243; _builder_version=\u00bb4.27.0&#8243; _module_preset=\u00bbdefault\u00bb global_colors_info=\u00bb{}\u00bb][\/et_pb_image][\/et_pb_column][et_pb_column type=\u00bb1_3&#8243; _builder_version=\u00bb4.27.0&#8243; _module_preset=\u00bbdefault\u00bb global_colors_info=\u00bb{}\u00bb][et_pb_image src=\u00bbhttps:\/\/fisioyelamos.com\/wp-content\/uploads\/2024\/11\/yelamos-im-8.jpg\u00bb title_text=\u00bbyelamos-im-8&#8243; _builder_version=\u00bb4.27.0&#8243; _module_preset=\u00bbdefault\u00bb global_colors_info=\u00bb{}\u00bb][\/et_pb_image][\/et_pb_column][\/et_pb_row][\/et_pb_section][et_pb_section fb_built=\u00bb1&#8243; _builder_version=\u00bb4.27.0&#8243; _module_preset=\u00bbdefault\u00bb background_color=\u00bb#634E26&#8243; global_colors_info=\u00bb{}\u00bb][et_pb_row column_structure=\u00bb1_2,1_2&#8243; _builder_version=\u00bb4.27.0&#8243; _module_preset=\u00bbdefault\u00bb global_colors_info=\u00bb{}\u00bb][et_pb_column type=\u00bb1_2&#8243; _builder_version=\u00bb4.27.0&#8243; _module_preset=\u00bbdefault\u00bb global_colors_info=\u00bb{}\u00bb][et_pb_text _builder_version=\u00bb4.27.0&#8243; _module_preset=\u00bbb327cbe4-b1d5-4b66-ad37-40c8f2f061ba\u00bb header_text_align=\u00bbcenter\u00bb header_2_font=\u00bbBebas Neue||||||||\u00bb header_2_text_align=\u00bbleft\u00bb header_2_text_color=\u00bb#AA9C2E\u00bb header_2_font_size=\u00bb61px\u00bb header_2_letter_spacing=\u00bb4px\u00bb header_2_line_height=\u00bb1.2em\u00bb custom_margin=\u00bb20px||11px|||\u00bb custom_padding=\u00bb||0px|||\u00bb header_2_font_size_tablet=\u00bb32px\u00bb header_2_font_size_phone=\u00bb25px\u00bb header_2_font_size_last_edited=\u00bbon|desktop\u00bb global_colors_info=\u00bb{}\u00bb]<\/p>\n<h2>CONTACTO<\/h2>\n<p>[\/et_pb_text][et_pb_text _builder_version=\u00bb4.27.0&#8243; _module_preset=\u00bbdefault\u00bb text_text_color=\u00bb#FFFFFF\u00bb custom_padding=\u00bb|||20px|false|false\u00bb border_width_left=\u00bb4px\u00bb border_color_left=\u00bb#AA9C2E\u00bb global_colors_info=\u00bb{}\u00bb]<\/p>\n<div jstcache=\"25\" class=\"address\" jsan=\"7.address\"><strong>C. Pirita, 2, (Urbanizaci\u00f3n Los Pinos)<\/strong><\/div>\n<div jstcache=\"25\" class=\"address\" jsan=\"7.address\"><strong>04230 Hu\u00e9rcal de Almer\u00eda, Almer\u00eda<\/strong><\/div>\n<p class=\"p2\"><strong><span class=\"s1\"><span class=\"s2\"><\/span><\/span><\/strong><\/p>\n<p class=\"p2\"><strong><span class=\"s1\"><span class=\"s2\">fisioyelamosrehab@gmail.com<\/span><\/span><\/strong><\/p>\n<p class=\"p1\"><strong>652 907 705 &#8211; 950 086 671<\/strong><\/p>\n<p>[\/et_pb_text][et_pb_image src=\u00bbhttps:\/\/fisioyelamos.com\/wp-content\/uploads\/2024\/11\/fisioyelamos-blanco.png\u00bb title_text=\u00bbfisioyelamos blanco\u00bb disabled_on=\u00bbon|on|off\u00bb _builder_version=\u00bb4.27.0&#8243; _module_preset=\u00bbdefault\u00bb width=\u00bb35%\u00bb custom_margin=\u00bb70px|||||\u00bb global_colors_info=\u00bb{}\u00bb][\/et_pb_image][\/et_pb_column][et_pb_column type=\u00bb1_2&#8243; _builder_version=\u00bb4.27.0&#8243; _module_preset=\u00bbdefault\u00bb global_colors_info=\u00bb{}\u00bb][et_pb_code _builder_version=\u00bb4.27.0&#8243; _module_preset=\u00bbdefault\u00bb global_colors_info=\u00bb{}\u00bb]<iframe src=\"https:\/\/www.google.com\/maps\/embed?pb=!1m18!1m12!1m3!1d3120.4750002033857!2d-2.447705224386117!3d36.88767876276398!2m3!1f0!2f0!3f0!3m2!1i1024!2i768!4f13.1!3m3!1m2!1s0xd7a9fcb45918723%3A0x99ceb9cccc253b80!2sFisioY%C3%A9lamos%20Fisioterapia%20Y%C3%A9lamos!5e1!3m2!1ses!2ses!4v1731570223899!5m2!1ses!2ses\" width=\"600\" height=\"450\" style=\"border:0;\" allowfullscreen=\"\" loading=\"lazy\" referrerpolicy=\"no-referrer-when-downgrade\"><\/iframe>[\/et_pb_code][et_pb_image src=\u00bbhttps:\/\/fisioyelamos.com\/wp-content\/uploads\/2024\/11\/fisioyelamos-blanco.png\u00bb title_text=\u00bbfisioyelamos blanco\u00bb disabled_on=\u00bboff|off|on\u00bb _builder_version=\u00bb4.27.0&#8243; _module_preset=\u00bbdefault\u00bb width=\u00bb25%\u00bb max_width=\u00bb57%\u00bb module_alignment=\u00bbcenter\u00bb custom_margin=\u00bb70px|||||\u00bb global_colors_info=\u00bb{}\u00bb][\/et_pb_image][\/et_pb_column][\/et_pb_row][\/et_pb_section]<\/p>\n","protected":false},"excerpt":{"rendered":"<p>SERVICIOSCOMPROMETIDOS CON TU BIENESTARfisioterapia Fisioterapia musculoesquel\u00e9tica: tratamiento de lesiones o patolog\u00edas relacionadas con los m\u00fasculos, huesos y tendones, como hernias, lumbalgias, cervicalgias, artrosis, tendinopat\u00edas&#8230; Fisioterapia deportiva: tratamiento centrado en la prevenci\u00f3n y tratamiento de lesiones deportivas. rehabilitaci\u00f3nOs ayudaremos durante el proceso de recuperaci\u00f3n de la funci\u00f3n f\u00edsica y movilidad despu\u00e9s de haber sufrido una lesi\u00f3n, [&hellip;]<\/p>\n","protected":false},"author":1,"featured_media":0,"parent":0,"menu_order":0,"comment_status":"closed","ping_status":"closed","template":"","meta":{"_et_pb_use_builder":"on","_et_pb_old_content":"","_et_gb_content_width":"","_joinchat":[],"footnotes":""},"class_list":["post-99","page","type-page","status-publish","hentry"],"_links":{"self":[{"href":"https:\/\/fisioyelamos.com\/index.php\/wp-json\/wp\/v2\/pages\/99","targetHints":{"allow":["GET"]}}],"collection":[{"href":"https:\/\/fisioyelamos.com\/index.php\/wp-json\/wp\/v2\/pages"}],"about":[{"href":"https:\/\/fisioyelamos.com\/index.php\/wp-json\/wp\/v2\/types\/page"}],"author":[{"embeddable":true,"href":"https:\/\/fisioyelamos.com\/index.php\/wp-json\/wp\/v2\/users\/1"}],"replies":[{"embeddable":true,"href":"https:\/\/fisioyelamos.com\/index.php\/wp-json\/wp\/v2\/comments?post=99"}],"version-history":[{"count":9,"href":"https:\/\/fisioyelamos.com\/index.php\/wp-json\/wp\/v2\/pages\/99\/revisions"}],"predecessor-version":[{"id":120,"href":"https:\/\/fisioyelamos.com\/index.php\/wp-json\/wp\/v2\/pages\/99\/revisions\/120"}],"wp:attachment":[{"href":"https:\/\/fisioyelamos.com\/index.php\/wp-json\/wp\/v2\/media?parent=99"}],"curies":[{"name":"wp","href":"https:\/\/api.w.org\/{rel}","templated":true}]}}